{"id":203,"date":"2020-06-30T23:01:18","date_gmt":"2020-06-30T23:01:18","guid":{"rendered":"http:\/\/www.servicioscallo.com\/?page_id=203"},"modified":"2020-06-30T23:04:44","modified_gmt":"2020-06-30T23:04:44","slug":"nuestros-recursos","status":"publish","type":"page","link":"http:\/\/www.servicioscallo.com\/index.php\/nuestros-recursos\/","title":{"rendered":"Nuestros Recursos"},"content":{"rendered":"\n<ul><li>Veh\u00edculos pick up y sedan<\/li><li> Veh\u00edculo de carga para 3 ton. (plataforma)<\/li><li>Cami\u00f3n de volteo de 8-14 mts3<\/li><li> Retroexcavadora<\/li><li> Tractor agr\u00edcola con chapoleadora<\/li><li>\u00a0Remolques cama baja y cama alta con capacidad de 1.5, 3.5 y 6 toneladas.<\/li><li>\u00a0Lancha con motor fuera de borda<\/li><li>Podadoras \/ Desbrozadoras.<\/li><li>\u00a0Ahoyador \/Motosierras.<\/li><li>\u00a0Motobomba de 3 pulgadas 40 mts de alcance<\/li><li>\u00a0Compresores de aire fijos y m\u00f3viles<\/li><li>\u00a0Maquina de soldar<\/li><li>\u00a0Herramienta manual (carretillas, palas,azadones, machetes, etc.)<\/li><li>\u00a0Bombas de aspersi\u00f3n para fumigar.<\/li><li>\u00a0Herramienta de taller el\u00e9ctrica y manual y plomeria<\/li><li>\u00a0Desarmadoras de tarimas \/clavadoras<\/li><li>\u00a0Montacargas electricos<\/li><li>\u00a0Hidrolavadora<\/li><li>\u00a0Generador<\/li><\/ul>\n","protected":false},"excerpt":{"rendered":"<p>Veh\u00edculos pick up y sedan Veh\u00edculo de carga para 3 ton. (plataforma) Cami\u00f3n de volteo de 8-14 mts3 Retroexcavadora Tractor agr\u00edcola con chapoleadora \u00a0Remolques cama baja y cama alta con capacidad de 1.5, 3.5 y 6 toneladas. \u00a0Lancha con motor fuera de borda Podadoras \/ Desbrozadoras. \u00a0Ahoyador \/Motosierras. \u00a0Motobomba de 3 pulgadas 40 mts de &hellip; <\/p>\n<p class=\"link-more\"><a href=\"http:\/\/www.servicioscallo.com\/index.php\/nuestros-recursos\/\" class=\"more-link\">Continue reading<span class=\"screen-reader-text\"> &#8220;Nuestros Recursos&#8221;<\/span><\/a><\/p>\n","protected":false},"author":1,"featured_media":0,"parent":0,"menu_order":0,"comment_status":"closed","ping_status":"closed","template":"","meta":[],"_links":{"self":[{"href":"http:\/\/www.servicioscallo.com\/index.php\/wp-json\/wp\/v2\/pages\/203"}],"collection":[{"href":"http:\/\/www.servicioscallo.com\/index.php\/wp-json\/wp\/v2\/pages"}],"about":[{"href":"http:\/\/www.servicioscallo.com\/index.php\/wp-json\/wp\/v2\/types\/page"}],"author":[{"embeddable":true,"href":"http:\/\/www.servicioscallo.com\/index.php\/wp-json\/wp\/v2\/users\/1"}],"replies":[{"embeddable":true,"href":"http:\/\/www.servicioscallo.com\/index.php\/wp-json\/wp\/v2\/comments?post=203"}],"version-history":[{"count":3,"href":"http:\/\/www.servicioscallo.com\/index.php\/wp-json\/wp\/v2\/pages\/203\/revisions"}],"predecessor-version":[{"id":206,"href":"http:\/\/www.servicioscallo.com\/index.php\/wp-json\/wp\/v2\/pages\/203\/revisions\/206"}],"wp:attachment":[{"href":"http:\/\/www.servicioscallo.com\/index.php\/wp-json\/wp\/v2\/media?parent=203"}],"curies":[{"name":"wp","href":"https:\/\/api.w.org\/{rel}","templated":true}]}}